{"id":26,"date":"2023-06-21T11:39:14","date_gmt":"2023-06-21T08:39:14","guid":{"rendered":"https:\/\/www.tameraksut.com\/?page_id=26"},"modified":"2023-06-21T15:07:01","modified_gmt":"2023-06-21T12:07:01","slug":"hakkimizda","status":"publish","type":"page","link":"https:\/\/www.tameraksut.com\/?page_id=26","title":{"rendered":"Hakk\u0131m\u0131zda"},"content":{"rendered":"<h1 style=\"text-align: left;\"><span style=\"color: #ff0000;\"><strong><img loading=\"lazy\" decoding=\"async\" class=\"alignnone size-medium wp-image-56\" src=\"http:\/\/www.tameraksut.com\/wp-content\/uploads\/2023\/06\/T.A_1-300x268.jpg\" alt=\"\" width=\"300\" height=\"268\" srcset=\"https:\/\/www.tameraksut.com\/wp-content\/uploads\/2023\/06\/T.A_1-300x268.jpg 300w, https:\/\/www.tameraksut.com\/wp-content\/uploads\/2023\/06\/T.A_1-768x687.jpg 768w, https:\/\/www.tameraksut.com\/wp-content\/uploads\/2023\/06\/T.A_1.jpg 1024w\" sizes=\"auto, (max-width: 300px) 100vw, 300px\" \/><\/strong><\/span><\/h1>\n<h1 style=\"text-align: left;\"><span style=\"color: #ff0000;\"><strong>EkoADM<\/strong><\/span><span style=\"color: #ff0000;\"><strong>\u00a0<\/strong><\/span><\/h1>\n<p><strong>TAMER AKS\u00dcT, <\/strong>1982 YILINDA \u0130STANBUL DEVLET G\u00dcZEL SANATLAR AKADEM\u0130S\u0130NE G\u0130RD\u0130. 1982-1989 YILLAR ARASINDA AKADEM\u0130 HOCALARINDAN N\u0130HAT G\u00dcNER, AL\u0130 MUSLUBA\u015e, \u015eAH\u0130N KO\u00c7AK OF\u0130SLER\u0130NDE\u00a0 \u00c7E\u015e\u0130TL\u0130 OTEL, \u0130\u015e MERKEZ\u0130 VE KONUT PROJELER\u0130NDE \u00c7ALI\u015eTI.MUHL\u0130S T\u00dcRKMEN\u2019DEN TASARIM\u00a0 \u00c7E\u015e\u0130TLEMELER\u0130 \u00dcZER\u0130NE \u00d6ZEL E\u011e\u0130T\u0130M ALDI.<\/p>\n<p>KARE \u0130N\u015eAAT OF\u0130S\u0130NDE TOPLU KONUT PROJELER\u0130 \u00c7ALI\u015eMALARINDA BULUNDU. A. RAS\u0130H TUNA \u0130LE B\u0130RL\u0130KTE \u00d6ZEL DEKORASYON \u0130\u015eLER\u0130 YAPTI.1989 \u2019DA \u0130ZM\u0130R\u2019E D\u00d6ND\u00dc. \u0130ZM\u0130R\u2019DE NAF\u0130 \u00c7\u0130L VE MODES M\u0130MARLIK \u0130LE \u00c7ALI\u015eTI. \u00d6ZEL KONUT PROJELER\u0130 VE DEKORASYONU \u00dcZER\u0130NE OLAN \u0130LG\u0130S\u0130N\u0130 PEK\u0130\u015eT\u0130RD\u0130. 1993\u2019TE ORTAKLIK OLARAK TEKTON M\u0130MARLIK H\u0130ZMETLER\u0130N\u0130 VE PENT\u0130L MOB\u0130LYA\u00a0 AT\u00d6LYES\u0130N\u0130 KURDU.<\/p>\n<p>2009 YILINDA D\u00dc\u015e\u00dcK ENERJ\u0130L\u0130 YAPILAR (GREENHOUSE) \u00dcZER\u0130NE YAPTI\u011eI \u00c7ALI\u015eMALARI SONUCU KEND\u0130 F\u0130RMASINI (EKOADM \u00a0M\u0130MARLIK LTD. )Y\u0130 KURARAK \u00d6N \u0130MALATLI, TA\u015eINAB\u0130L\u0130R ,,ENERJ\u0130 TASARRUFLU KONUTLAR \u00dcRETMEYE BA\u015eLADI. DO\u011eA DOSTU , \u0130NSAN \u00d6L\u00c7E\u011e\u0130N\u0130 G\u00d6ZARDI ETMEDEN, AMA YA\u015eAM KAL\u0130TES\u0130 Y\u00dcKSEK ,S\u00dcRD\u00dcR\u00dcLEB\u0130L\u0130R B\u0130R M\u0130MAR\u0130 ANLAYI\u015eLA UYGULAMALARINI YAPMAKTADIR.\u0130N\u015eAAT, TAAHH\u00dcT,PROJE VE UYGULAMALARI DI\u015eINDA AKADEM\u0130K FAAL\u0130YETLER\u0130NE DE DEVAM ETMEKTE , PROJE E\u011e\u0130T\u0130M\u0130 VERMEKTED\u0130R .<\/p>\n<p>\u0130ZM\u0130R SERBEST M\u0130MARLAR DERNE\u011e\u0130 BA\u015eKANI -\u0130zmirSMD<\/p>\n<p>\u0130ZM\u0130R M\u0130MARLAR ODASI ,\u00a0 \u00a0 \u00a0 \u00a0 \u00a0 \u00a0 \u00a0-\u0130ZMOD<\/p>\n<p>\u0130ZM\u0130R T\u0130CARET ODASI \u00dcYES\u0130.\u00a0 \u00a0 \u00a0 -\u0130TO<\/p>\n<p>EKOFAMEC ENERJ\u0130 A.\u015e. Y\u00d6NET\u0130M KURULU BA\u015eKANI<\/p>\n<p>&nbsp;<\/p>\n","protected":false},"excerpt":{"rendered":"<p>EkoADM\u00a0 TAMER AKS\u00dcT, 1982 YILINDA \u0130STANBUL DEVLET G\u00dcZEL SANATLAR AKADEM\u0130S\u0130NE G\u0130RD\u0130. 1982-1989 YILLAR ARASINDA AKADEM\u0130 HOCALARINDAN N\u0130HAT G\u00dcNER, AL\u0130 MUSLUBA\u015e, \u015eAH\u0130N KO\u00c7AK OF\u0130SLER\u0130NDE\u00a0 \u00c7E\u015e\u0130TL\u0130 OTEL, \u0130\u015e MERKEZ\u0130 VE KONUT PROJELER\u0130NDE \u00c7ALI\u015eTI.MUHL\u0130S T\u00dcRKMEN\u2019DEN TASARIM\u00a0 \u00c7E\u015e\u0130TLEMELER\u0130 \u00dcZER\u0130NE \u00d6ZEL E\u011e\u0130T\u0130M ALDI. KARE \u0130N\u015eAAT&#8230;<br \/><a class=\"read-more-button\" href=\"https:\/\/www.tameraksut.com\/?page_id=26\">Read more<\/a><\/p>\n","protected":false},"author":1,"featured_media":0,"parent":0,"menu_order":0,"comment_status":"closed","ping_status":"closed","template":"","meta":{"footnotes":""},"class_list":["post-26","page","type-page","status-publish","hentry"],"_links":{"self":[{"href":"https:\/\/www.tameraksut.com\/index.php?rest_route=\/wp\/v2\/pages\/26","targetHints":{"allow":["GET"]}}],"collection":[{"href":"https:\/\/www.tameraksut.com\/index.php?rest_route=\/wp\/v2\/pages"}],"about":[{"href":"https:\/\/www.tameraksut.com\/index.php?rest_route=\/wp\/v2\/types\/page"}],"author":[{"embeddable":true,"href":"https:\/\/www.tameraksut.com\/index.php?rest_route=\/wp\/v2\/users\/1"}],"replies":[{"embeddable":true,"href":"https:\/\/www.tameraksut.com\/index.php?rest_route=%2Fwp%2Fv2%2Fcomments&post=26"}],"version-history":[{"count":4,"href":"https:\/\/www.tameraksut.com\/index.php?rest_route=\/wp\/v2\/pages\/26\/revisions"}],"predecessor-version":[{"id":58,"href":"https:\/\/www.tameraksut.com\/index.php?rest_route=\/wp\/v2\/pages\/26\/revisions\/58"}],"wp:attachment":[{"href":"https:\/\/www.tameraksut.com\/index.php?rest_route=%2Fwp%2Fv2%2Fmedia&parent=26"}],"curies":[{"name":"wp","href":"https:\/\/api.w.org\/{rel}","templated":true}]}}