{"id":24,"date":"2023-06-21T11:38:56","date_gmt":"2023-06-21T08:38:56","guid":{"rendered":"https:\/\/www.tameraksut.com\/?page_id=24"},"modified":"2023-06-21T16:26:51","modified_gmt":"2023-06-21T13:26:51","slug":"galeri","status":"publish","type":"page","link":"https:\/\/www.tameraksut.com\/?page_id=24","title":{"rendered":"Galeri"},"content":{"rendered":"<div id=\"attachment_38\" style=\"width: 1034px\" class=\"wp-caption aligncenter\"><img loading=\"lazy\" decoding=\"async\" aria-describedby=\"caption-attachment-38\" class=\"wp-image-38 size-full\" src=\"http:\/\/www.tameraksut.com\/wp-content\/uploads\/2023\/06\/17aADA-3.jpg\" alt=\"EDREM\u0130T ADATEPE K\u00d6Y\u00dc RESTORASYONU\" width=\"1024\" height=\"576\" srcset=\"https:\/\/www.tameraksut.com\/wp-content\/uploads\/2023\/06\/17aADA-3.jpg 1024w, https:\/\/www.tameraksut.com\/wp-content\/uploads\/2023\/06\/17aADA-3-300x169.jpg 300w, https:\/\/www.tameraksut.com\/wp-content\/uploads\/2023\/06\/17aADA-3-768x432.jpg 768w\" sizes=\"auto, (max-width: 1024px) 100vw, 1024px\" \/><p id=\"caption-attachment-38\" class=\"wp-caption-text\">EDREM\u0130T ADATEPE K\u00d6Y\u00dc RESTORASYONU<\/p><\/div>\n<p>&nbsp;<\/p>\n<div id=\"attachment_41\" style=\"width: 744px\" class=\"wp-caption aligncenter\"><img loading=\"lazy\" decoding=\"async\" aria-describedby=\"caption-attachment-41\" class=\"wp-image-41 size-large\" src=\"http:\/\/www.tameraksut.com\/wp-content\/uploads\/2023\/06\/11MLA-1-1024x680.jpg\" alt=\"ANADOLU SEYEHAT-KONAKLAMA TES\u0130SLER\u0130-U\u015eAK\" width=\"734\" height=\"487\" srcset=\"https:\/\/www.tameraksut.com\/wp-content\/uploads\/2023\/06\/11MLA-1-1024x680.jpg 1024w, https:\/\/www.tameraksut.com\/wp-content\/uploads\/2023\/06\/11MLA-1-300x199.jpg 300w, https:\/\/www.tameraksut.com\/wp-content\/uploads\/2023\/06\/11MLA-1-768x510.jpg 768w, https:\/\/www.tameraksut.com\/wp-content\/uploads\/2023\/06\/11MLA-1-1536x1020.jpg 1536w, https:\/\/www.tameraksut.com\/wp-content\/uploads\/2023\/06\/11MLA-1-1170x777.jpg 1170w, https:\/\/www.tameraksut.com\/wp-content\/uploads\/2023\/06\/11MLA-1.jpg 2048w\" sizes=\"auto, (max-width: 734px) 100vw, 734px\" \/><p id=\"caption-attachment-41\" class=\"wp-caption-text\">ANADOLU SEYEHAT-KONAKLAMA TES\u0130SLER\u0130-U\u015eAK<\/p><\/div>\n<p>&nbsp;<\/p>\n<div id=\"attachment_42\" style=\"width: 677px\" class=\"wp-caption aligncenter\"><img loading=\"lazy\" decoding=\"async\" aria-describedby=\"caption-attachment-42\" class=\"wp-image-42 size-full\" src=\"http:\/\/www.tameraksut.com\/wp-content\/uploads\/2023\/06\/15ALA-1.jpg\" alt=\"ALA\u00c7ATI \u00c7E\u015eME \u00d6ZEL KONUT\" width=\"667\" height=\"1000\" srcset=\"https:\/\/www.tameraksut.com\/wp-content\/uploads\/2023\/06\/15ALA-1.jpg 667w, https:\/\/www.tameraksut.com\/wp-content\/uploads\/2023\/06\/15ALA-1-200x300.jpg 200w\" sizes=\"auto, (max-width: 667px) 100vw, 667px\" \/><p id=\"caption-attachment-42\" class=\"wp-caption-text\">ALA\u00c7ATI \u00c7E\u015eME \u00d6ZEL KONUT<\/p><\/div>\n<p>&nbsp;<\/p>\n<div id=\"attachment_44\" style=\"width: 1034px\" class=\"wp-caption alignnone\"><img loading=\"lazy\" decoding=\"async\" aria-describedby=\"caption-attachment-44\" class=\"wp-image-44 size-full\" src=\"http:\/\/www.tameraksut.com\/wp-content\/uploads\/2023\/06\/18DJI_0118-1.jpg\" alt=\"YAKINCA EVLER\u0130 30 V\u0130LLA - 60000 MERTEKARE\" width=\"1024\" height=\"767\" srcset=\"https:\/\/www.tameraksut.com\/wp-content\/uploads\/2023\/06\/18DJI_0118-1.jpg 1024w, https:\/\/www.tameraksut.com\/wp-content\/uploads\/2023\/06\/18DJI_0118-1-300x225.jpg 300w, https:\/\/www.tameraksut.com\/wp-content\/uploads\/2023\/06\/18DJI_0118-1-768x575.jpg 768w\" sizes=\"auto, (max-width: 1024px) 100vw, 1024px\" \/><p id=\"caption-attachment-44\" class=\"wp-caption-text\">YAKINCA EVLER\u0130 30 V\u0130LLA &#8211; 60000 MERTEKARE<\/p><\/div>\n<p>&nbsp;<\/p>\n<div id=\"attachment_45\" style=\"width: 1034px\" class=\"wp-caption aligncenter\"><img loading=\"lazy\" decoding=\"async\" aria-describedby=\"caption-attachment-45\" class=\"wp-image-45 size-full\" src=\"http:\/\/www.tameraksut.com\/wp-content\/uploads\/2023\/06\/18IMG_1386-1.jpg\" alt=\"YAKINCA EVLER\u0130 30 V\u0130LLA - 60000 MERTEKARE\" width=\"1024\" height=\"682\" srcset=\"https:\/\/www.tameraksut.com\/wp-content\/uploads\/2023\/06\/18IMG_1386-1.jpg 1024w, https:\/\/www.tameraksut.com\/wp-content\/uploads\/2023\/06\/18IMG_1386-1-300x200.jpg 300w, https:\/\/www.tameraksut.com\/wp-content\/uploads\/2023\/06\/18IMG_1386-1-768x512.jpg 768w\" sizes=\"auto, (max-width: 1024px) 100vw, 1024px\" \/><p id=\"caption-attachment-45\" class=\"wp-caption-text\">YAKINCA EVLER\u0130 30 V\u0130LLA &#8211; 60000 MERTEKARE<\/p><\/div>\n<p>&nbsp;<\/p>\n<div id=\"attachment_46\" style=\"width: 1034px\" class=\"wp-caption aligncenter\"><img loading=\"lazy\" decoding=\"async\" aria-describedby=\"caption-attachment-46\" class=\"wp-image-46 size-full\" src=\"http:\/\/www.tameraksut.com\/wp-content\/uploads\/2023\/06\/18IMG_1410-1.jpg\" alt=\"YAKINCA EVLER\u0130 30 V\u0130LLA - 60000 MERTEKARE\" width=\"1024\" height=\"682\" srcset=\"https:\/\/www.tameraksut.com\/wp-content\/uploads\/2023\/06\/18IMG_1410-1.jpg 1024w, https:\/\/www.tameraksut.com\/wp-content\/uploads\/2023\/06\/18IMG_1410-1-300x200.jpg 300w, https:\/\/www.tameraksut.com\/wp-content\/uploads\/2023\/06\/18IMG_1410-1-768x512.jpg 768w\" sizes=\"auto, (max-width: 1024px) 100vw, 1024px\" \/><p id=\"caption-attachment-46\" class=\"wp-caption-text\">YAKINCA EVLER\u0130 30 V\u0130LLA &#8211; 60000 MERTEKARE<\/p><\/div>\n<p>&nbsp;<\/p>\n<div id=\"attachment_47\" style=\"width: 1034px\" class=\"wp-caption aligncenter\"><img loading=\"lazy\" decoding=\"async\" aria-describedby=\"caption-attachment-47\" class=\"wp-image-47 size-full\" src=\"http:\/\/www.tameraksut.com\/wp-content\/uploads\/2023\/06\/18IMG_1413-1.jpg\" alt=\"YAKINCA EVLER\u0130 30 V\u0130LLA - 60000 MERTEKARE\" width=\"1024\" height=\"1536\" srcset=\"https:\/\/www.tameraksut.com\/wp-content\/uploads\/2023\/06\/18IMG_1413-1.jpg 1024w, https:\/\/www.tameraksut.com\/wp-content\/uploads\/2023\/06\/18IMG_1413-1-200x300.jpg 200w, https:\/\/www.tameraksut.com\/wp-content\/uploads\/2023\/06\/18IMG_1413-1-683x1024.jpg 683w, https:\/\/www.tameraksut.com\/wp-content\/uploads\/2023\/06\/18IMG_1413-1-768x1152.jpg 768w\" sizes=\"auto, (max-width: 1024px) 100vw, 1024px\" \/><p id=\"caption-attachment-47\" class=\"wp-caption-text\">YAKINCA EVLER\u0130 30 V\u0130LLA &#8211; 60000 MERTEKARE<\/p><\/div>\n<p>&nbsp;<\/p>\n<div id=\"attachment_48\" style=\"width: 1034px\" class=\"wp-caption aligncenter\"><img loading=\"lazy\" decoding=\"async\" aria-describedby=\"caption-attachment-48\" class=\"wp-image-48 size-full\" src=\"http:\/\/www.tameraksut.com\/wp-content\/uploads\/2023\/06\/18IMG_1496-1.jpg\" alt=\"YAKINCA EVLER\u0130 30 V\u0130LLA - 60000 MERTEKARE\" width=\"1024\" height=\"682\" srcset=\"https:\/\/www.tameraksut.com\/wp-content\/uploads\/2023\/06\/18IMG_1496-1.jpg 1024w, https:\/\/www.tameraksut.com\/wp-content\/uploads\/2023\/06\/18IMG_1496-1-300x200.jpg 300w, https:\/\/www.tameraksut.com\/wp-content\/uploads\/2023\/06\/18IMG_1496-1-768x512.jpg 768w\" sizes=\"auto, (max-width: 1024px) 100vw, 1024px\" \/><p id=\"caption-attachment-48\" class=\"wp-caption-text\">YAKINCA EVLER\u0130 30 V\u0130LLA &#8211; 60000 MERTEKARE<\/p><\/div>\n<p>&nbsp;<\/p>\n<div id=\"attachment_49\" style=\"width: 1034px\" class=\"wp-caption aligncenter\"><img loading=\"lazy\" decoding=\"async\" aria-describedby=\"caption-attachment-49\" class=\"wp-image-49 size-full\" src=\"http:\/\/www.tameraksut.com\/wp-content\/uploads\/2023\/06\/20AA-2.jpg\" alt=\"ALSANCAK APARTMAN\" width=\"1024\" height=\"904\" srcset=\"https:\/\/www.tameraksut.com\/wp-content\/uploads\/2023\/06\/20AA-2.jpg 1024w, https:\/\/www.tameraksut.com\/wp-content\/uploads\/2023\/06\/20AA-2-300x265.jpg 300w, https:\/\/www.tameraksut.com\/wp-content\/uploads\/2023\/06\/20AA-2-768x678.jpg 768w\" sizes=\"auto, (max-width: 1024px) 100vw, 1024px\" \/><p id=\"caption-attachment-49\" class=\"wp-caption-text\">ALSANCAK APARTMAN<\/p><\/div>\n<p>&nbsp;<\/p>\n<div id=\"attachment_50\" style=\"width: 605px\" class=\"wp-caption aligncenter\"><img loading=\"lazy\" decoding=\"async\" aria-describedby=\"caption-attachment-50\" class=\"wp-image-50 size-full\" src=\"http:\/\/www.tameraksut.com\/wp-content\/uploads\/2023\/06\/25HKG.jpg\" alt=\"ALSANCAK BUT\u0130K OTEL\" width=\"595\" height=\"842\" srcset=\"https:\/\/www.tameraksut.com\/wp-content\/uploads\/2023\/06\/25HKG.jpg 595w, https:\/\/www.tameraksut.com\/wp-content\/uploads\/2023\/06\/25HKG-212x300.jpg 212w\" sizes=\"auto, (max-width: 595px) 100vw, 595px\" \/><p id=\"caption-attachment-50\" class=\"wp-caption-text\">ALSANCAK BUT\u0130K OTEL<\/p><\/div>\n<p>&nbsp;<\/p>\n<div id=\"attachment_51\" style=\"width: 1034px\" class=\"wp-caption aligncenter\"><img loading=\"lazy\" decoding=\"async\" aria-describedby=\"caption-attachment-51\" class=\"wp-image-51 size-full\" src=\"http:\/\/www.tameraksut.com\/wp-content\/uploads\/2023\/06\/26T-2.jpg\" alt=\"BAL\u00c7OVA \u0130ZM\u0130R TERAS EV\" width=\"1024\" height=\"1074\" srcset=\"https:\/\/www.tameraksut.com\/wp-content\/uploads\/2023\/06\/26T-2.jpg 1024w, https:\/\/www.tameraksut.com\/wp-content\/uploads\/2023\/06\/26T-2-286x300.jpg 286w, https:\/\/www.tameraksut.com\/wp-content\/uploads\/2023\/06\/26T-2-976x1024.jpg 976w, https:\/\/www.tameraksut.com\/wp-content\/uploads\/2023\/06\/26T-2-768x806.jpg 768w\" sizes=\"auto, (max-width: 1024px) 100vw, 1024px\" \/><p id=\"caption-attachment-51\" class=\"wp-caption-text\">BAL\u00c7OVA \u0130ZM\u0130R TERAS EV<\/p><\/div>\n<p>&nbsp;<\/p>\n<div id=\"attachment_52\" style=\"width: 1034px\" class=\"wp-caption aligncenter\"><img loading=\"lazy\" decoding=\"async\" aria-describedby=\"caption-attachment-52\" class=\"wp-image-52 size-full\" src=\"http:\/\/www.tameraksut.com\/wp-content\/uploads\/2023\/06\/27TKSM.jpg\" alt=\"BEYOGLU TAKS\u0130M OTEL\" width=\"1024\" height=\"1448\" srcset=\"https:\/\/www.tameraksut.com\/wp-content\/uploads\/2023\/06\/27TKSM.jpg 1024w, https:\/\/www.tameraksut.com\/wp-content\/uploads\/2023\/06\/27TKSM-212x300.jpg 212w, https:\/\/www.tameraksut.com\/wp-content\/uploads\/2023\/06\/27TKSM-724x1024.jpg 724w, https:\/\/www.tameraksut.com\/wp-content\/uploads\/2023\/06\/27TKSM-768x1086.jpg 768w\" sizes=\"auto, (max-width: 1024px) 100vw, 1024px\" \/><p id=\"caption-attachment-52\" class=\"wp-caption-text\">BEYOGLU TAKS\u0130M OTEL<\/p><\/div>\n<p>&nbsp;<\/p>\n<div id=\"attachment_40\" style=\"width: 744px\" class=\"wp-caption aligncenter\"><img loading=\"lazy\" decoding=\"async\" aria-describedby=\"caption-attachment-40\" class=\"wp-image-40 size-large\" src=\"http:\/\/www.tameraksut.com\/wp-content\/uploads\/2023\/06\/3Y-3-1024x617.jpg\" alt=\"LA CASA 140 V\u0130LLA 70 REZ\u0130DANS PROJES\u0130\" width=\"734\" height=\"442\" srcset=\"https:\/\/www.tameraksut.com\/wp-content\/uploads\/2023\/06\/3Y-3-1024x617.jpg 1024w, https:\/\/www.tameraksut.com\/wp-content\/uploads\/2023\/06\/3Y-3-300x181.jpg 300w, https:\/\/www.tameraksut.com\/wp-content\/uploads\/2023\/06\/3Y-3-768x463.jpg 768w, https:\/\/www.tameraksut.com\/wp-content\/uploads\/2023\/06\/3Y-3-1536x926.jpg 1536w, https:\/\/www.tameraksut.com\/wp-content\/uploads\/2023\/06\/3Y-3-1170x705.jpg 1170w, https:\/\/www.tameraksut.com\/wp-content\/uploads\/2023\/06\/3Y-3.jpg 1808w\" sizes=\"auto, (max-width: 734px) 100vw, 734px\" \/><p id=\"caption-attachment-40\" class=\"wp-caption-text\">LA CASA 140 V\u0130LLA 70 REZ\u0130DANS PROJES\u0130<\/p><\/div>\n<p>&nbsp;<\/p>\n<div id=\"attachment_72\" style=\"width: 1034px\" class=\"wp-caption alignnone\"><img loading=\"lazy\" decoding=\"async\" aria-describedby=\"caption-attachment-72\" class=\"wp-image-72 size-full\" src=\"http:\/\/www.tameraksut.com\/wp-content\/uploads\/2023\/06\/6.jpg\" alt=\"LA CASA 140 V\u0130LLA 70 REZ\u0130DANS PROJES\u0130\" width=\"1024\" height=\"476\" srcset=\"https:\/\/www.tameraksut.com\/wp-content\/uploads\/2023\/06\/6.jpg 1024w, https:\/\/www.tameraksut.com\/wp-content\/uploads\/2023\/06\/6-300x139.jpg 300w, https:\/\/www.tameraksut.com\/wp-content\/uploads\/2023\/06\/6-768x357.jpg 768w\" sizes=\"auto, (max-width: 1024px) 100vw, 1024px\" \/><p id=\"caption-attachment-72\" class=\"wp-caption-text\">LA CASA 140 V\u0130LLA 70 REZ\u0130DANS PROJES\u0130<\/p><\/div>\n<p>&nbsp;<\/p>\n<div id=\"attachment_75\" style=\"width: 1034px\" class=\"wp-caption alignnone\"><img loading=\"lazy\" decoding=\"async\" aria-describedby=\"caption-attachment-75\" class=\"wp-image-75 size-full\" src=\"http:\/\/www.tameraksut.com\/wp-content\/uploads\/2023\/06\/2.jpg\" alt=\"ABB MAK\u0130NA - \u0130TOB \u0130ZM\u0130R 30000 METREKARE\" width=\"1024\" height=\"547\" srcset=\"https:\/\/www.tameraksut.com\/wp-content\/uploads\/2023\/06\/2.jpg 1024w, https:\/\/www.tameraksut.com\/wp-content\/uploads\/2023\/06\/2-300x160.jpg 300w, https:\/\/www.tameraksut.com\/wp-content\/uploads\/2023\/06\/2-768x410.jpg 768w\" sizes=\"auto, (max-width: 1024px) 100vw, 1024px\" \/><p id=\"caption-attachment-75\" class=\"wp-caption-text\">ABB MAK\u0130NA &#8211; \u0130TOB \u0130ZM\u0130R 30000 METREKARE<\/p><\/div>\n<div id=\"attachment_74\" style=\"width: 1034px\" class=\"wp-caption alignnone\"><img loading=\"lazy\" decoding=\"async\" aria-describedby=\"caption-attachment-74\" class=\"wp-image-74 size-full\" src=\"http:\/\/www.tameraksut.com\/wp-content\/uploads\/2023\/06\/1.jpg\" alt=\"ABB MAK\u0130NA - \u0130TOB \u0130ZM\u0130R 30000 METREKARE\" width=\"1024\" height=\"681\" srcset=\"https:\/\/www.tameraksut.com\/wp-content\/uploads\/2023\/06\/1.jpg 1024w, https:\/\/www.tameraksut.com\/wp-content\/uploads\/2023\/06\/1-300x200.jpg 300w, https:\/\/www.tameraksut.com\/wp-content\/uploads\/2023\/06\/1-768x511.jpg 768w\" sizes=\"auto, (max-width: 1024px) 100vw, 1024px\" \/><p id=\"caption-attachment-74\" class=\"wp-caption-text\">ABB MAK\u0130NA &#8211; \u0130TOB \u0130ZM\u0130R 30000 METREKARE<\/p><\/div>\n<div id=\"attachment_78\" style=\"width: 1034px\" class=\"wp-caption alignnone\"><img loading=\"lazy\" decoding=\"async\" aria-describedby=\"caption-attachment-78\" class=\"wp-image-78 size-full\" src=\"http:\/\/www.tameraksut.com\/wp-content\/uploads\/2023\/06\/3.jpg\" alt=\"BADEMLER KONUTLARI 125 V\u0130LLA\" width=\"1024\" height=\"724\" srcset=\"https:\/\/www.tameraksut.com\/wp-content\/uploads\/2023\/06\/3.jpg 1024w, https:\/\/www.tameraksut.com\/wp-content\/uploads\/2023\/06\/3-300x212.jpg 300w, https:\/\/www.tameraksut.com\/wp-content\/uploads\/2023\/06\/3-768x543.jpg 768w\" sizes=\"auto, (max-width: 1024px) 100vw, 1024px\" \/><p id=\"caption-attachment-78\" class=\"wp-caption-text\">BADEMLER KONUTLARI 125 V\u0130LLA<\/p><\/div>\n<div id=\"attachment_79\" style=\"width: 1034px\" class=\"wp-caption alignnone\"><img loading=\"lazy\" decoding=\"async\" aria-describedby=\"caption-attachment-79\" class=\"wp-image-79 size-full\" src=\"http:\/\/www.tameraksut.com\/wp-content\/uploads\/2023\/06\/4.jpg\" alt=\"BADEMLER KONUTLARI 125 V\u0130LLA\" width=\"1024\" height=\"716\" srcset=\"https:\/\/www.tameraksut.com\/wp-content\/uploads\/2023\/06\/4.jpg 1024w, https:\/\/www.tameraksut.com\/wp-content\/uploads\/2023\/06\/4-300x210.jpg 300w, https:\/\/www.tameraksut.com\/wp-content\/uploads\/2023\/06\/4-768x537.jpg 768w\" sizes=\"auto, (max-width: 1024px) 100vw, 1024px\" \/><p id=\"caption-attachment-79\" class=\"wp-caption-text\">BADEMLER KONUTLARI 125 V\u0130LLA<\/p><\/div>\n","protected":false},"excerpt":{"rendered":"<p>&nbsp; &nbsp; &nbsp; &nbsp; &nbsp; &nbsp; &nbsp; &nbsp; &nbsp; &nbsp; &nbsp; &nbsp; &nbsp; &nbsp;<\/p>\n","protected":false},"author":1,"featured_media":0,"parent":0,"menu_order":0,"comment_status":"closed","ping_status":"closed","template":"","meta":{"footnotes":""},"class_list":["post-24","page","type-page","status-publish","hentry"],"_links":{"self":[{"href":"https:\/\/www.tameraksut.com\/index.php?rest_route=\/wp\/v2\/pages\/24","targetHints":{"allow":["GET"]}}],"collection":[{"href":"https:\/\/www.tameraksut.com\/index.php?rest_route=\/wp\/v2\/pages"}],"about":[{"href":"https:\/\/www.tameraksut.com\/index.php?rest_route=\/wp\/v2\/types\/page"}],"author":[{"embeddable":true,"href":"https:\/\/www.tameraksut.com\/index.php?rest_route=\/wp\/v2\/users\/1"}],"replies":[{"embeddable":true,"href":"https:\/\/www.tameraksut.com\/index.php?rest_route=%2Fwp%2Fv2%2Fcomments&post=24"}],"version-history":[{"count":11,"href":"https:\/\/www.tameraksut.com\/index.php?rest_route=\/wp\/v2\/pages\/24\/revisions"}],"predecessor-version":[{"id":80,"href":"https:\/\/www.tameraksut.com\/index.php?rest_route=\/wp\/v2\/pages\/24\/revisions\/80"}],"wp:attachment":[{"href":"https:\/\/www.tameraksut.com\/index.php?rest_route=%2Fwp%2Fv2%2Fmedia&parent=24"}],"curies":[{"name":"wp","href":"https:\/\/api.w.org\/{rel}","templated":true}]}}