{"id":22,"date":"2023-06-21T11:37:43","date_gmt":"2023-06-21T08:37:43","guid":{"rendered":"https:\/\/www.tameraksut.com\/?page_id=22"},"modified":"2023-06-21T15:34:32","modified_gmt":"2023-06-21T12:34:32","slug":"ana-sayfa","status":"publish","type":"page","link":"https:\/\/www.tameraksut.com\/?page_id=22","title":{"rendered":"EKOADM Ana Sayfa"},"content":{"rendered":"<h3><span style=\"color: #ff0000;\"><strong>\u0130n\u015fa Etme Sanat\u0131. <\/strong><strong>Fikirlerin becerilerle bulu\u015ftu\u011fu yer.<\/strong><\/span><\/h3>\n","protected":false},"excerpt":{"rendered":"<p>\u0130n\u015fa Etme Sanat\u0131. Fikirlerin becerilerle bulu\u015ftu\u011fu yer.<\/p>\n","protected":false},"author":1,"featured_media":0,"parent":0,"menu_order":0,"comment_status":"closed","ping_status":"closed","template":"","meta":{"footnotes":""},"class_list":["post-22","page","type-page","status-publish","hentry"],"_links":{"self":[{"href":"https:\/\/www.tameraksut.com\/index.php?rest_route=\/wp\/v2\/pages\/22","targetHints":{"allow":["GET"]}}],"collection":[{"href":"https:\/\/www.tameraksut.com\/index.php?rest_route=\/wp\/v2\/pages"}],"about":[{"href":"https:\/\/www.tameraksut.com\/index.php?rest_route=\/wp\/v2\/types\/page"}],"author":[{"embeddable":true,"href":"https:\/\/www.tameraksut.com\/index.php?rest_route=\/wp\/v2\/users\/1"}],"replies":[{"embeddable":true,"href":"https:\/\/www.tameraksut.com\/index.php?rest_route=%2Fwp%2Fv2%2Fcomments&post=22"}],"version-history":[{"count":6,"href":"https:\/\/www.tameraksut.com\/index.php?rest_route=\/wp\/v2\/pages\/22\/revisions"}],"predecessor-version":[{"id":30,"href":"https:\/\/www.tameraksut.com\/index.php?rest_route=\/wp\/v2\/pages\/22\/revisions\/30"}],"wp:attachment":[{"href":"https:\/\/www.tameraksut.com\/index.php?rest_route=%2Fwp%2Fv2%2Fmedia&parent=22"}],"curies":[{"name":"wp","href":"https:\/\/api.w.org\/{rel}","templated":true}]}}